{"id":1091,"date":"2017-07-13T08:10:16","date_gmt":"2017-07-13T08:10:16","guid":{"rendered":"http:\/\/nhakhoatruongthanh.com\/en\/?page_id=1091"},"modified":"2017-07-13T08:10:16","modified_gmt":"2017-07-13T08:10:16","slug":"price-list","status":"publish","type":"page","link":"https:\/\/nhakhoatruongthanh.com\/en\/price-list\/","title":{"rendered":"Price List"},"content":{"rendered":"<p style=\"text-align: left;\" align=\"center\">Nha khoa Tr\u01b0\u1eddng Th\u00e0nh k\u00ednh g\u1eedi c\u00e1c b\u1ea1n b\u1ea3ng gi\u00e1 tham kh\u1ea3o nh\u01b0 sau:<\/p>\n<p style=\"text-align: center;\" align=\"center\"><span style=\"font-family: tahoma, arial, helvetica, sans-serif; font-size: x-large; color: #ff9900;\"><strong><span style=\"text-decoration: underline;\">NHA KHOA TR\u01af\u1edcNG TH\u00c0NH<\/span><\/strong><\/span><\/p>\n<p style=\"text-align: center;\" align=\"center\"><span style=\"font-family: tahoma, arial, helvetica, sans-serif; font-size: medium; color: #000000;\"><strong><em>&#8221; T\u1ecfa s\u00e1ng n\u1ee5 c\u01b0\u1eddi, \u0111\u1eb9p t\u01b0\u01a1i cu\u1ed9c s\u1ed1ng<\/em><\/strong><\/span><strong style=\"font-family: tahoma, arial, helvetica, sans-serif; font-size: medium; line-height: 1.5;\"><em>\u00a0&#8220;<\/em><\/strong><\/p>\n<p style=\"text-align: center;\" align=\"center\"><span style=\"font-family: tahoma, arial, helvetica, sans-serif; color: #ff9900; font-size: large;\"><strong><strong>B\u1ea2NG GI\u00c1 D\u1ecaCH V\u1ee4<\/strong><\/strong><\/span><\/p>\n<p style=\"text-align: center;\" align=\"center\"><span style=\"font-family: tahoma, arial, helvetica, sans-serif; color: #0000ff; font-size: large;\"><strong><strong>\u00a0<\/strong><\/strong><\/span><\/p>\n<div align=\"center\">\n<table border=\"1\" cellspacing=\"0\" cellpadding=\"0\">\n<tbody>\n<tr style=\"background-color: #d98200;\">\n<td valign=\"top\" width=\"45\">\n<p style=\"text-align: center;\"><span style=\"font-size: medium;\"><strong><span style=\"color: #ffffff;\"><span style=\"font-family: tahoma, arial, helvetica, sans-serif;\">STT<\/span><\/span><\/strong><\/span><\/p>\n<\/td>\n<td valign=\"top\" width=\"275\">\n<p style=\"text-align: center;\"><span style=\"font-size: medium;\"><strong><span style=\"color: #ffffff;\"><span style=\"font-family: tahoma, arial, helvetica, sans-serif;\">D\u1ecaCH V\u1ee4<\/span><\/span><\/strong><\/span><\/p>\n<\/td>\n<td valign=\"top\" width=\"319\">\n<p style=\"text-align: center;\"><span style=\"font-size: medium;\"><strong><span style=\"color: #ffffff;\"><span style=\"font-family: tahoma, arial, helvetica, sans-serif;\">\u0110\u01a0N GI\u00c1 (vnd)<\/span><\/span><\/strong><\/span><\/p>\n<\/td>\n<\/tr>\n<tr>\n<td valign=\"top\" width=\"45\">\n<h4 style=\"text-align: center;\"><span style=\"font-size: medium; color: #ff9900;\"><strong><span style=\"font-family: tahoma, arial, helvetica, sans-serif;\">1.<\/span><\/strong><\/span><\/h4>\n<\/td>\n<td valign=\"top\" width=\"275\">\n<h4><span style=\"color: #ff9900; font-size: 100%;\"><strong>\u00a0NHA CHU<\/strong><\/span><\/h4>\n<\/td>\n<td valign=\"top\" width=\"319\"><span style=\"font-family: tahoma, arial, helvetica, sans-serif; font-size: medium; color: #000000;\"><br \/> 120 000 &#8211; 180 000<\/span><\/td>\n<\/tr>\n<tr style=\"background-color: #cae5fc;\">\n<td valign=\"top\" width=\"45\"><span style=\"font-family: tahoma, arial, helvetica, sans-serif; font-size: medium;\"><strong>\u00a0<\/strong><\/span><\/td>\n<td valign=\"top\" width=\"275\"><span style=\"font-family: tahoma, arial, helvetica, sans-serif; font-size: medium;\"><strong>\u00a0<\/strong><\/span><\/td>\n<td valign=\"top\" width=\"319\"><span style=\"font-family: tahoma, arial, helvetica, sans-serif; font-size: medium;\">\u00a0<\/span><\/td>\n<\/tr>\n<tr>\n<td valign=\"top\" width=\"45\">\n<h4 style=\"text-align: center;\"><span style=\"font-family: tahoma, arial, helvetica, sans-serif; font-size: medium; color: #ff9900;\"><strong>2.<\/strong><\/span><\/h4>\n<\/td>\n<td valign=\"top\" width=\"275\">\n<h4><span style=\"font-family: tahoma, arial, helvetica, sans-serif; font-size: 100%; color: #ff9900;\"><strong>TR\u00c1M R\u0102NG<\/strong><\/span><\/h4>\n<\/td>\n<td valign=\"top\" width=\"319\">\n<h4><span style=\"font-family: tahoma, arial, helvetica, sans-serif; font-size: medium;\">\u00a0<\/span><\/h4>\n<\/td>\n<\/tr>\n<tr style=\"background-color: #cae5fc;\">\n<td valign=\"top\" width=\"45\"><span style=\"font-family: tahoma, arial, helvetica, sans-serif; font-size: medium;\"><strong>\u00a0<\/strong><\/span><\/td>\n<td valign=\"top\" width=\"275\">\n<h4><span style=\"font-family: tahoma, arial, helvetica, sans-serif; font-size: medium; color: #000000;\">R\u0103ng v\u0129nh vi\u1ec5n<\/span><\/h4>\n<\/td>\n<td valign=\"top\" width=\"319\"><span style=\"color: #000000;\"><span style=\"font-family: tahoma, arial, helvetica, sans-serif; font-size: medium;\">120 000 \u2013 150 000<br \/> <\/span><span style=\"font-family: tahoma, arial, helvetica, sans-serif; font-size: medium;\">180 000 (tr\u00e1m l\u00f3t \/ tr\u00e1m th\u1ea9m m\u1ef9 r\u0103ng c\u1eeda)<\/span><\/span><\/td>\n<\/tr>\n<tr>\n<td valign=\"top\" width=\"45\">\n<h4><span style=\"font-family: tahoma, arial, helvetica, sans-serif; font-size: medium;\"><strong>\u00a0<\/strong><\/span><\/h4>\n<\/td>\n<td valign=\"top\" width=\"275\">\n<h4><span style=\"font-family: tahoma, arial, helvetica, sans-serif; font-size: medium;\">R\u0103ng s\u1eefa<\/span><\/h4>\n<\/td>\n<td valign=\"top\" width=\"319\">\n<h4><span style=\"font-family: tahoma, arial, helvetica, sans-serif; font-size: medium;\">50 000 \u2013 70 000<\/span><\/h4>\n<\/td>\n<\/tr>\n<tr>\n<td valign=\"top\" width=\"45\">\n<h4 style=\"text-align: center;\"><span style=\"font-family: tahoma, arial, helvetica, sans-serif; font-size: 100%; color: #ff9900;\"><strong>3.<\/strong><\/span><\/h4>\n<\/td>\n<td valign=\"top\" width=\"275\">\n<h4><span style=\"font-family: tahoma, arial, helvetica, sans-serif; font-size: 100%; color: #ff9900;\"><strong>T\u1ea8Y TR\u1eaeNG R\u0102NG<\/strong><\/span><\/h4>\n<\/td>\n<td valign=\"top\" width=\"319\">\n<h4><span style=\"font-family: tahoma, arial, helvetica, sans-serif; font-size: medium;\">\u00a0<\/span><\/h4>\n<\/td>\n<\/tr>\n<tr style=\"background-color: #cae5fc;\">\n<td valign=\"top\" width=\"45\">\n<h4><span style=\"font-family: tahoma, arial, helvetica, sans-serif; font-size: medium;\"><strong>\u00a0<\/strong><\/span><\/h4>\n<\/td>\n<td valign=\"top\" width=\"275\">\n<h4><span style=\"font-family: tahoma, arial, helvetica, sans-serif; font-size: medium;\">T\u1ea1i ph\u00f2ng nha (1h)<\/span><\/h4>\n<\/td>\n<td valign=\"top\" width=\"319\">\n<h4><span style=\"font-family: tahoma, arial, helvetica, sans-serif; font-size: medium;\">1500 000\u00a0 (l\u1ea7n \u0111\u1ea7u)<br \/> <\/span><span style=\"font-family: tahoma, arial, helvetica, sans-serif; font-size: medium;\">1050 000 (nh\u1eefng l\u1ea7n sau gi\u1ea3m 30%)<\/span><\/h4>\n<\/td>\n<\/tr>\n<tr>\n<td valign=\"top\" width=\"45\">\n<h4><span style=\"font-family: tahoma, arial, helvetica, sans-serif; font-size: medium;\">\u00a0<\/span><\/h4>\n<\/td>\n<td valign=\"top\" width=\"275\">\n<h4><span style=\"font-family: tahoma, arial, helvetica, sans-serif; font-size: medium;\">T\u1ea1i nh\u00e0<\/span><\/h4>\n<\/td>\n<td valign=\"top\" width=\"319\">\n<h4><span style=\"font-family: tahoma, arial, helvetica, sans-serif; font-size: medium;\">500 000 (1 c\u1eb7p m\u00e1ng + 1 tu\u00fdp thu\u1ed1c)<\/span><span style=\"font-family: tahoma, arial, helvetica, sans-serif; font-size: medium;\">250 000 (1 tu\u00fdp thu\u1ed1c)<\/span><\/h4>\n<\/td>\n<\/tr>\n<tr>\n<td valign=\"top\" width=\"45\">\n<h4 style=\"text-align: center;\"><span style=\"font-family: tahoma, arial, helvetica, sans-serif; font-size: 100%; color: #ff9900;\"><strong>4.<\/strong><\/span><\/h4>\n<\/td>\n<td valign=\"top\" width=\"275\">\n<h4><span style=\"font-family: tahoma, arial, helvetica, sans-serif; font-size: 100%; color: #ff9900;\"><strong>\u0110I\u1ec0U TR\u1eca N\u1ed8I NHA<\/strong><\/span><\/h4>\n<\/td>\n<td valign=\"top\" width=\"319\">\n<h4><span style=\"font-family: tahoma, arial, helvetica, sans-serif; font-size: medium;\">\u00a0<\/span><\/h4>\n<\/td>\n<\/tr>\n<tr style=\"background-color: #cae5fc;\">\n<td valign=\"top\" width=\"45\">\n<h4><span style=\"font-family: tahoma, arial, helvetica, sans-serif; font-size: medium;\"><strong>\u00a0<\/strong><\/span><\/h4>\n<\/td>\n<td valign=\"top\" width=\"275\">\n<h4><span style=\"font-family: tahoma, arial, helvetica, sans-serif; font-size: medium;\"><br \/> \u0110i\u1ec1u tr\u1ecb t\u1ee7y (ch\u01b0a t\u00ednh tr\u00e1m r\u0103ng)<\/span><\/h4>\n<\/td>\n<td valign=\"top\" width=\"319\">\n<h4><span style=\"font-family: tahoma, arial, helvetica, sans-serif; font-size: medium;\">500 000 (1 \u1ed1ng t\u1ee7y)<br \/> <\/span><span style=\"font-family: tahoma, arial, helvetica, sans-serif; font-size: medium;\">600 000 (2 \u1ed1ng t\u1ee7y<br \/> <\/span><span style=\"font-family: tahoma, arial, helvetica, sans-serif; font-size: medium;\">700 000 (3 \u1ed1ng t\u1ee7y)<br \/> <\/span><span style=\"font-family: tahoma, arial, helvetica, sans-serif; font-size: medium;\">800 000 (r\u0103ng s\u1ed1 6 v\u00e0 7 h\u00e0m tr\u00ean)<\/span><\/h4>\n<\/td>\n<\/tr>\n<tr>\n<td valign=\"top\" width=\"45\">\n<h4><span style=\"font-family: tahoma, arial, helvetica, sans-serif; font-size: medium;\">\u00a0<\/span><\/h4>\n<\/td>\n<td valign=\"top\" width=\"275\">\n<h4><span style=\"font-family: tahoma, arial, helvetica, sans-serif; font-size: medium;\">Tr\u00e1m r\u0103ng sau \u0111i\u1ec1u tr\u1ecb t\u1ee7y<\/span><\/h4>\n<\/td>\n<td valign=\"top\" width=\"319\">\n<h4><span style=\"font-family: tahoma, arial, helvetica, sans-serif; font-size: medium;\">200 000<\/span><\/h4>\n<\/td>\n<\/tr>\n<tr style=\"background-color: #cae5fc;\">\n<td valign=\"top\" width=\"45\">\n<h4><span style=\"font-family: tahoma, arial, helvetica, sans-serif; font-size: medium;\">\u00a0<\/span><\/h4>\n<\/td>\n<td valign=\"top\" width=\"275\">\n<h4><span style=\"font-family: tahoma, arial, helvetica, sans-serif; font-size: medium;\">Ch\u1ed1t kim lo\u1ea1i<\/span><\/h4>\n<\/td>\n<td valign=\"top\" width=\"319\">\n<h4><span style=\"font-family: tahoma, arial, helvetica, sans-serif; font-size: medium;\">300 000<\/span><\/h4>\n<\/td>\n<\/tr>\n<tr>\n<td valign=\"top\" width=\"45\">\n<h4><span style=\"font-family: tahoma, arial, helvetica, sans-serif; font-size: medium;\">\u00a0<\/span><\/h4>\n<\/td>\n<td valign=\"top\" width=\"275\">\n<h4><span style=\"font-family: tahoma, arial, helvetica, sans-serif; font-size: medium;\">C\u00f9i gi\u1ea3<\/span><\/h4>\n<\/td>\n<td valign=\"top\" width=\"319\">\n<h4><span style=\"font-family: tahoma, arial, helvetica, sans-serif; font-size: medium;\">400 000<\/span><\/h4>\n<\/td>\n<\/tr>\n<tr>\n<td valign=\"top\" width=\"45\">\n<h4 style=\"text-align: center;\"><span style=\"font-family: tahoma, arial, helvetica, sans-serif; font-size: 100%; color: #ff9900;\"><strong>5. <\/strong><\/span><\/h4>\n<\/td>\n<td valign=\"top\" width=\"275\">\n<h4><span style=\"font-family: tahoma, arial, helvetica, sans-serif; font-size: 100%; color: #ff9900;\"><strong>PH\u1ee4C H\u00ccNH TH\u00c1O L\u1eaeP<\/strong><\/span><\/h4>\n<\/td>\n<td valign=\"top\" width=\"319\">\n<h4><span style=\"font-family: tahoma, arial, helvetica, sans-serif; font-size: medium;\">\u00a0<\/span><\/h4>\n<\/td>\n<\/tr>\n<tr style=\"background-color: #cae5fc;\">\n<td valign=\"top\" width=\"45\">\n<h4><span style=\"font-family: tahoma, arial, helvetica, sans-serif; font-size: medium;\"><strong>\u00a0<\/strong><\/span><\/h4>\n<\/td>\n<td valign=\"top\" width=\"275\">\n<h4><span style=\"font-family: tahoma, arial, helvetica, sans-serif; font-size: medium;\">R\u0103ng nh\u1ef1a ngo\u1ea1i<\/span><\/h4>\n<\/td>\n<td valign=\"top\" width=\"319\">\n<h4><span style=\"font-family: tahoma, arial, helvetica, sans-serif; font-size: medium;\">200 000<\/span><\/h4>\n<\/td>\n<\/tr>\n<tr>\n<td valign=\"top\" width=\"45\">\n<h4><span style=\"font-family: tahoma, arial, helvetica, sans-serif; font-size: medium;\">\u00a0<\/span><\/h4>\n<\/td>\n<td valign=\"top\" width=\"275\">\n<h4><span style=\"font-family: tahoma, arial, helvetica, sans-serif; font-size: medium;\">R\u0103ng composite<\/span><\/h4>\n<\/td>\n<td valign=\"top\" width=\"319\">\n<h4><span style=\"font-family: tahoma, arial, helvetica, sans-serif; font-size: medium;\">300 000<\/span><\/h4>\n<\/td>\n<\/tr>\n<tr style=\"background-color: #cae5fc;\">\n<td valign=\"top\" width=\"45\">\n<h4><span style=\"font-family: tahoma, arial, helvetica, sans-serif; font-size: medium;\">\u00a0<\/span><\/h4>\n<\/td>\n<td valign=\"top\" width=\"275\">\n<h4><span style=\"font-family: tahoma, arial, helvetica, sans-serif; font-size: medium;\">R\u0103ng s\u1ee9<\/span><\/h4>\n<\/td>\n<td valign=\"top\" width=\"319\">\n<h4><span style=\"font-family: tahoma, arial, helvetica, sans-serif; font-size: medium;\">600 000<\/span><\/h4>\n<\/td>\n<\/tr>\n<tr>\n<td valign=\"top\" width=\"45\">\n<h4><span style=\"font-family: tahoma, arial, helvetica, sans-serif; font-size: medium;\">\u00a0<\/span><\/h4>\n<\/td>\n<td valign=\"top\" width=\"275\">\n<h4><span style=\"font-family: tahoma, arial, helvetica, sans-serif; font-size: medium;\">H\u00e0m khung<\/span><\/h4>\n<\/td>\n<td valign=\"top\" width=\"319\">\n<h4><span style=\"font-family: tahoma, arial, helvetica, sans-serif; font-size: medium;\">1500 000 \u2013 2000 000<\/span><\/h4>\n<\/td>\n<\/tr>\n<tr style=\"background-color: #cae5fc;\">\n<td valign=\"top\" width=\"45\">\n<h4><span style=\"font-family: tahoma, arial, helvetica, sans-serif; font-size: medium;\">\u00a0<\/span><\/h4>\n<\/td>\n<td valign=\"top\" width=\"275\">\n<h4><span style=\"font-family: tahoma, arial, helvetica, sans-serif; font-size: medium;\">H\u00e0m nh\u1ef1a m\u1ec1m Biosoft<\/span><\/h4>\n<\/td>\n<td valign=\"top\" width=\"319\">\n<h4><span style=\"font-family: tahoma, arial, helvetica, sans-serif; font-size: medium;\">1000 000 \u2013 1500 000 \u00a0(b\u00e1n h\u00e0m)<br \/> <\/span><span style=\"font-family: tahoma, arial, helvetica, sans-serif; font-size: medium;\">2000 000 (to\u00e0n h\u00e0m)<\/span><\/h4>\n<\/td>\n<\/tr>\n<tr>\n<td valign=\"top\" width=\"45\">\n<h4><span style=\"font-family: tahoma, arial, helvetica, sans-serif; font-size: medium;\">\u00a0<\/span><\/h4>\n<\/td>\n<td valign=\"top\" width=\"275\">\n<h4><span style=\"font-family: tahoma, arial, helvetica, sans-serif; font-size: medium;\">H\u00e0m nh\u1ef1a c\u1ee9ng<\/span><\/h4>\n<\/td>\n<td valign=\"top\" width=\"319\">\n<h4><span style=\"font-family: tahoma, arial, helvetica, sans-serif; font-size: medium;\">200 000 (1-3 r\u0103ng)<\/span><\/h4>\n<\/td>\n<\/tr>\n<tr style=\"background-color: #cae5fc;\">\n<td valign=\"top\" width=\"45\">\n<h4><span style=\"font-family: tahoma, arial, helvetica, sans-serif; font-size: medium;\">\u00a0<\/span><\/h4>\n<\/td>\n<td valign=\"top\" width=\"275\">\n<h4><span style=\"font-family: tahoma, arial, helvetica, sans-serif; font-size: medium;\">\u0110\u1ec7m h\u00e0m<\/span><\/h4>\n<\/td>\n<td valign=\"top\" width=\"319\">\n<h4><span style=\"font-family: tahoma, arial, helvetica, sans-serif; font-size: medium;\">200 000 (b\u00e1n h\u00e0m)<br \/> <\/span><span style=\"font-family: tahoma, arial, helvetica, sans-serif; font-size: medium;\">300 000 (to\u00e0n h\u00e0m)<\/span><\/h4>\n<\/td>\n<\/tr>\n<tr>\n<td valign=\"top\" width=\"45\">\n<h4 style=\"text-align: center;\"><span style=\"font-family: tahoma, arial, helvetica, sans-serif; font-size: 100%; color: #ff9900;\"><strong>6. <\/strong><\/span><\/h4>\n<\/td>\n<td valign=\"top\" width=\"275\">\n<h4><span style=\"font-family: tahoma, arial, helvetica, sans-serif; font-size: 100%; color: #ff9900;\"><strong>PH\u1ee4C H\u00ccNH C\u1ed0 \u0110\u1ecaNH<\/strong><\/span><\/h4>\n<\/td>\n<td valign=\"top\" width=\"319\">\n<h4><span style=\"font-family: tahoma, arial, helvetica, sans-serif; font-size: medium;\">\u00a0<\/span><\/h4>\n<\/td>\n<\/tr>\n<tr style=\"background-color: #cae5fc;\">\n<td valign=\"top\" width=\"45\">\n<h4><span style=\"font-family: tahoma, arial, helvetica, sans-serif; font-size: medium;\"><strong>\u00a0<\/strong><\/span><\/h4>\n<\/td>\n<td valign=\"top\" width=\"275\">\n<h4><span style=\"font-family: tahoma, arial, helvetica, sans-serif; font-size: medium;\">R\u0103ng s\u1ee9 kim lo\u1ea1i<\/span><\/h4>\n<\/td>\n<td valign=\"top\" width=\"319\">\n<h4><span style=\"font-family: tahoma, arial, helvetica, sans-serif; font-size: medium;\">1.000. 000<\/span><\/h4>\n<\/td>\n<\/tr>\n<tr>\n<td valign=\"top\" width=\"45\">\n<h4><span style=\"font-family: tahoma, arial, helvetica, sans-serif; font-size: medium;\">\u00a0<\/span><\/h4>\n<\/td>\n<td valign=\"top\" width=\"275\">\n<h4><span style=\"font-family: tahoma, arial, helvetica, sans-serif; font-size: medium;\">R\u0103ng s\u1ee9 titanium<\/span><\/h4>\n<\/td>\n<td valign=\"top\" width=\"319\">\n<h4><span style=\"font-family: tahoma, arial, helvetica, sans-serif; font-size: medium;\">2.000. 000<\/span><\/h4>\n<\/td>\n<\/tr>\n<tr style=\"background-color: #cae5fc;\">\n<td valign=\"top\" width=\"45\">\n<h4><span style=\"font-family: tahoma, arial, helvetica, sans-serif; font-size: medium;\">\u00a0<\/span><\/h4>\n<\/td>\n<td valign=\"top\" width=\"275\">\n<h4><span style=\"font-family: tahoma, arial, helvetica, sans-serif; font-size: medium;\">R\u0103ng s\u1ee9 Zirconia<\/span><\/h4>\n<\/td>\n<td valign=\"top\" width=\"319\">\n<h4><span style=\"font-family: tahoma, arial, helvetica, sans-serif; font-size: medium;\">4.000. 000<\/span><\/h4>\n<\/td>\n<\/tr>\n<tr>\n<td valign=\"top\" width=\"45\">\n<h4><span style=\"font-family: tahoma, arial, helvetica, sans-serif; font-size: medium;\">\u00a0<\/span><\/h4>\n<\/td>\n<td valign=\"top\" width=\"275\">\n<h4><span style=\"font-family: tahoma, arial, helvetica, sans-serif; font-size: medium;\">R\u0103ng s\u1ee9 Full contour Zirconia<\/span><\/h4>\n<\/td>\n<td valign=\"top\" width=\"319\">\n<h4><span style=\"font-family: tahoma, arial, helvetica, sans-serif; font-size: medium;\">4.500.000<\/span><\/h4>\n<\/td>\n<\/tr>\n<tr style=\"background-color: #cae5fc;\">\n<td valign=\"top\" width=\"45\">\n<h4><span style=\"font-family: tahoma, arial, helvetica, sans-serif; font-size: medium;\">\u00a0<\/span><\/h4>\n<\/td>\n<td valign=\"top\" width=\"275\">\n<h4><span style=\"font-family: tahoma, arial, helvetica, sans-serif; font-size: medium;\">R\u0103ng s\u1ee9 Ziconia th\u1ebf h\u1ec7 m\u1edbi<br \/> <\/span><span style=\"font-family: tahoma, arial, helvetica, sans-serif; font-size: medium;\">Veneer S\u1ee9 \u00a0 \u00a0 \u00a0 \u00a0 \u00a0 \u00a0 \u00a0 \u00a0 \u00a0 \u00a0 \u00a0\u00a0<\/span><\/h4>\n<\/td>\n<td valign=\"top\" width=\"319\">\n<h4><span style=\"font-family: tahoma, arial, helvetica, sans-serif; font-size: medium;\">5.000. 000<br \/> <\/span><span style=\"font-family: tahoma, arial, helvetica, sans-serif; font-size: medium;\">5.000. 000<\/span><\/h4>\n<\/td>\n<\/tr>\n<tr>\n<td valign=\"top\" width=\"45\">\n<h4 style=\"text-align: center;\"><span style=\"font-family: tahoma, arial, helvetica, sans-serif; font-size: medium;\">\u00a0<\/span><\/h4>\n<\/td>\n<td valign=\"top\" width=\"275\">\n<h4><span style=\"font-family: tahoma, arial, helvetica, sans-serif; font-size: medium;\">Inlay-Onlay<\/span><\/h4>\n<\/td>\n<td valign=\"top\" width=\"319\">\n<h4><span style=\"font-family: tahoma, arial, helvetica, sans-serif; font-size: medium;\">3.000.000<\/span><\/h4>\n<\/td>\n<\/tr>\n<\/tbody>\n<\/table>\n<\/div>\n","protected":false},"excerpt":{"rendered":"<p>Nha khoa Tr\u01b0\u1eddng Th\u00e0nh k\u00ednh g\u1eedi c\u00e1c b\u1ea1n b\u1ea3ng gi\u00e1 tham kh\u1ea3o nh\u01b0 sau: NHA KHOA TR\u01af\u1edcNG TH\u00c0NH &#8221; T\u1ecfa s\u00e1ng n\u1ee5 c\u01b0\u1eddi, \u0111\u1eb9p t\u01b0\u01a1i cu\u1ed9c s\u1ed1ng\u00a0&#8220; B\u1ea2NG GI\u00c1 D\u1ecaCH V\u1ee4 \u00a0 STT D\u1ecaCH V\u1ee4 \u0110\u01a0N GI\u00c1 (vnd) 1. \u00a0NHA CHU 120 000 &#8211; 180 000 \u00a0 \u00a0 \u00a0 2. TR\u00c1M R\u0102NG \u00a0 \u00a0 R\u0103ng [&hellip;]\n","protected":false},"author":2,"featured_media":0,"parent":0,"menu_order":0,"comment_status":"closed","ping_status":"closed","template":"","meta":{"footnotes":"","two_page_speed":[]},"yoast_head":"<!-- This site is optimized with the Yoast SEO plugin v22.1 - https:\/\/yoast.com\/wordpress\/plugins\/seo\/ -->\n<title>Price List -<\/title>\n<meta name=\"robots\" content=\"index, follow, max-snippet:-1, max-image-preview:large, max-video-preview:-1\" \/>\n<link rel=\"canonical\" href=\"https:\/\/nhakhoatruongthanh.com\/bang-gia\/\" \/>\n<meta property=\"og:locale\" content=\"en_US\" \/>\n<meta property=\"og:type\" content=\"article\" \/>\n<meta property=\"og:title\" content=\"Price List -\" \/>\n<meta property=\"og:description\" content=\"Nha khoa Tr\u01b0\u1eddng Th\u00e0nh k\u00ednh g\u1eedi c\u00e1c b\u1ea1n b\u1ea3ng gi\u00e1 tham kh\u1ea3o nh\u01b0 sau: NHA KHOA TR\u01af\u1edcNG TH\u00c0NH &#8221; T\u1ecfa s\u00e1ng n\u1ee5 c\u01b0\u1eddi, \u0111\u1eb9p t\u01b0\u01a1i cu\u1ed9c s\u1ed1ng\u00a0&#8220; B\u1ea2NG GI\u00c1 D\u1ecaCH V\u1ee4 \u00a0 STT D\u1ecaCH V\u1ee4 \u0110\u01a0N GI\u00c1 (vnd) 1. \u00a0NHA CHU 120 000 &#8211; 180 000 \u00a0 \u00a0 \u00a0 2. TR\u00c1M R\u0102NG \u00a0 \u00a0 R\u0103ng [&hellip;]\" \/>\n<meta property=\"og:url\" content=\"https:\/\/nhakhoatruongthanh.com\/bang-gia\/\" \/>\n<meta name=\"twitter:card\" content=\"summary_large_image\" \/>\n<meta name=\"twitter:label1\" content=\"Est. reading time\" \/>\n\t<meta name=\"twitter:data1\" content=\"1 minute\" \/>\n<script type=\"application\/ld+json\" class=\"yoast-schema-graph\">{\"@context\":\"https:\/\/schema.org\",\"@graph\":[{\"@type\":\"WebPage\",\"@id\":\"https:\/\/nhakhoatruongthanh.com\/bang-gia\/\",\"url\":\"https:\/\/nhakhoatruongthanh.com\/bang-gia\/\",\"name\":\"Price List -\",\"isPartOf\":{\"@id\":\"https:\/\/nhakhoatruongthanh.com\/#website\"},\"datePublished\":\"2017-07-13T08:10:16+00:00\",\"dateModified\":\"2017-07-13T08:10:16+00:00\",\"breadcrumb\":{\"@id\":\"https:\/\/nhakhoatruongthanh.com\/bang-gia\/#breadcrumb\"},\"inLanguage\":\"en-US\",\"potentialAction\":[{\"@type\":\"ReadAction\",\"target\":[\"https:\/\/nhakhoatruongthanh.com\/bang-gia\/\"]}]},{\"@type\":\"BreadcrumbList\",\"@id\":\"https:\/\/nhakhoatruongthanh.com\/bang-gia\/#breadcrumb\",\"itemListElement\":[{\"@type\":\"ListItem\",\"position\":1,\"name\":\"Home\",\"item\":\"https:\/\/nhakhoatruongthanh.com\/en\/\"},{\"@type\":\"ListItem\",\"position\":2,\"name\":\"Price List\"}]},{\"@type\":\"WebSite\",\"@id\":\"https:\/\/nhakhoatruongthanh.com\/#website\",\"url\":\"https:\/\/nhakhoatruongthanh.com\/\",\"name\":\"\",\"description\":\"Nha Khoa Uy T\u00edn Qu\u1eadn 2\",\"potentialAction\":[{\"@type\":\"SearchAction\",\"target\":{\"@type\":\"EntryPoint\",\"urlTemplate\":\"https:\/\/nhakhoatruongthanh.com\/?s={search_term_string}\"},\"query-input\":\"required name=search_term_string\"}],\"inLanguage\":\"en-US\"}]}<\/script>\n<!-- \/ Yoast SEO plugin. -->","yoast_head_json":{"title":"Price List -","robots":{"index":"index","follow":"follow","max-snippet":"max-snippet:-1","max-image-preview":"max-image-preview:large","max-video-preview":"max-video-preview:-1"},"canonical":"https:\/\/nhakhoatruongthanh.com\/bang-gia\/","og_locale":"en_US","og_type":"article","og_title":"Price List -","og_description":"Nha khoa Tr\u01b0\u1eddng Th\u00e0nh k\u00ednh g\u1eedi c\u00e1c b\u1ea1n b\u1ea3ng gi\u00e1 tham kh\u1ea3o nh\u01b0 sau: NHA KHOA TR\u01af\u1edcNG TH\u00c0NH &#8221; T\u1ecfa s\u00e1ng n\u1ee5 c\u01b0\u1eddi, \u0111\u1eb9p t\u01b0\u01a1i cu\u1ed9c s\u1ed1ng\u00a0&#8220; B\u1ea2NG GI\u00c1 D\u1ecaCH V\u1ee4 \u00a0 STT D\u1ecaCH V\u1ee4 \u0110\u01a0N GI\u00c1 (vnd) 1. \u00a0NHA CHU 120 000 &#8211; 180 000 \u00a0 \u00a0 \u00a0 2. TR\u00c1M R\u0102NG \u00a0 \u00a0 R\u0103ng [&hellip;]","og_url":"https:\/\/nhakhoatruongthanh.com\/bang-gia\/","twitter_card":"summary_large_image","twitter_misc":{"Est. reading time":"1 minute"},"schema":{"@context":"https:\/\/schema.org","@graph":[{"@type":"WebPage","@id":"https:\/\/nhakhoatruongthanh.com\/bang-gia\/","url":"https:\/\/nhakhoatruongthanh.com\/bang-gia\/","name":"Price List -","isPartOf":{"@id":"https:\/\/nhakhoatruongthanh.com\/#website"},"datePublished":"2017-07-13T08:10:16+00:00","dateModified":"2017-07-13T08:10:16+00:00","breadcrumb":{"@id":"https:\/\/nhakhoatruongthanh.com\/bang-gia\/#breadcrumb"},"inLanguage":"en-US","potentialAction":[{"@type":"ReadAction","target":["https:\/\/nhakhoatruongthanh.com\/bang-gia\/"]}]},{"@type":"BreadcrumbList","@id":"https:\/\/nhakhoatruongthanh.com\/bang-gia\/#breadcrumb","itemListElement":[{"@type":"ListItem","position":1,"name":"Home","item":"https:\/\/nhakhoatruongthanh.com\/en\/"},{"@type":"ListItem","position":2,"name":"Price List"}]},{"@type":"WebSite","@id":"https:\/\/nhakhoatruongthanh.com\/#website","url":"https:\/\/nhakhoatruongthanh.com\/","name":"","description":"Nha Khoa Uy T\u00edn Qu\u1eadn 2","potentialAction":[{"@type":"SearchAction","target":{"@type":"EntryPoint","urlTemplate":"https:\/\/nhakhoatruongthanh.com\/?s={search_term_string}"},"query-input":"required name=search_term_string"}],"inLanguage":"en-US"}]}},"_links":{"self":[{"href":"https:\/\/nhakhoatruongthanh.com\/en\/wp-json\/wp\/v2\/pages\/1091"}],"collection":[{"href":"https:\/\/nhakhoatruongthanh.com\/en\/wp-json\/wp\/v2\/pages"}],"about":[{"href":"https:\/\/nhakhoatruongthanh.com\/en\/wp-json\/wp\/v2\/types\/page"}],"author":[{"embeddable":true,"href":"https:\/\/nhakhoatruongthanh.com\/en\/wp-json\/wp\/v2\/users\/2"}],"replies":[{"embeddable":true,"href":"https:\/\/nhakhoatruongthanh.com\/en\/wp-json\/wp\/v2\/comments?post=1091"}],"version-history":[{"count":1,"href":"https:\/\/nhakhoatruongthanh.com\/en\/wp-json\/wp\/v2\/pages\/1091\/revisions"}],"predecessor-version":[{"id":1092,"href":"https:\/\/nhakhoatruongthanh.com\/en\/wp-json\/wp\/v2\/pages\/1091\/revisions\/1092"}],"wp:attachment":[{"href":"https:\/\/nhakhoatruongthanh.com\/en\/wp-json\/wp\/v2\/media?parent=1091"}],"curies":[{"name":"wp","href":"https:\/\/api.w.org\/{rel}","templated":true}]}}